{"id":90,"date":"2022-04-19T10:12:44","date_gmt":"2022-04-19T08:12:44","guid":{"rendered":"https:\/\/eldeka.pl\/?page_id=90"},"modified":"2022-04-27T18:54:08","modified_gmt":"2022-04-27T16:54:08","slug":"o-nas","status":"publish","type":"page","link":"https:\/\/eldeka.pl\/index.php\/o-nas\/","title":{"rendered":"O Nas"},"content":{"rendered":"\t\t<div data-elementor-type=\"wp-page\" data-elementor-id=\"90\" class=\"elementor elementor-90\">\n\t\t\t\t\t\t<section class=\"elementor-section elementor-top-section elementor-element elementor-element-77893d1b elementor-section-boxed elementor-section-height-default elementor-section-height-default\" data-id=\"77893d1b\" data-element_type=\"section\" data-settings=\"{&quot;background_background&quot;:&quot;classic&quot;}\">\n\t\t\t\t\t\t<div class=\"elementor-container elementor-column-gap-default\">\n\t\t\t\t\t<div class=\"elementor-column elementor-col-100 elementor-top-column elementor-element elementor-element-d4ebe31\" data-id=\"d4ebe31\" data-element_type=\"column\">\n\t\t\t<div class=\"elementor-widget-wrap elementor-element-populated\">\n\t\t\t\t\t\t<section class=\"elementor-section elementor-inner-section elementor-element elementor-element-2269fa3 elementor-section-boxed elementor-section-height-default elementor-section-height-default\" data-id=\"2269fa3\" data-element_type=\"section\">\n\t\t\t\t\t\t<div class=\"elementor-container elementor-column-gap-default\">\n\t\t\t\t\t<div class=\"elementor-column elementor-col-25 elementor-inner-column elementor-element elementor-element-e324582\" data-id=\"e324582\" data-element_type=\"column\">\n\t\t\t<div class=\"elementor-widget-wrap\">\n\t\t\t\t\t\t\t<\/div>\n\t\t<\/div>\n\t\t\t\t<div class=\"elementor-column elementor-col-25 elementor-inner-column elementor-element elementor-element-e0469c4\" data-id=\"e0469c4\" data-element_type=\"column\">\n\t\t\t<div class=\"elementor-widget-wrap\">\n\t\t\t\t\t\t\t<\/div>\n\t\t<\/div>\n\t\t\t\t<div class=\"elementor-column elementor-col-25 elementor-inner-column elementor-element elementor-element-747bcae\" data-id=\"747bcae\" data-element_type=\"column\">\n\t\t\t<div class=\"elementor-widget-wrap\">\n\t\t\t\t\t\t\t<\/div>\n\t\t<\/div>\n\t\t\t\t<div class=\"elementor-column elementor-col-25 elementor-inner-column elementor-element elementor-element-7fc4dfd\" data-id=\"7fc4dfd\" data-element_type=\"column\">\n\t\t\t<div class=\"elementor-widget-wrap\">\n\t\t\t\t\t\t\t<\/div>\n\t\t<\/div>\n\t\t\t\t\t<\/div>\n\t\t<\/section>\n\t\t\t\t<div class=\"elementor-element elementor-element-8628391 elementor-widget elementor-widget-heading\" data-id=\"8628391\" data-element_type=\"widget\" data-widget_type=\"heading.default\">\n\t\t\t\t<div class=\"elementor-widget-container\">\n\t\t\t<span class=\"elementor-heading-title elementor-size-default\"><\/br>O NAS <\/br>\n\n<\/br>\n<\/span>\t\t<\/div>\n\t\t\t\t<\/div>\n\t\t\t\t\t<\/div>\n\t\t<\/div>\n\t\t\t\t\t<\/div>\n\t\t<\/section>\n\t\t\t\t<section class=\"elementor-section elementor-top-section elementor-element elementor-element-46ff158b elementor-section-boxed elementor-section-height-default elementor-section-height-default\" data-id=\"46ff158b\" data-element_type=\"section\">\n\t\t\t\t\t\t<div class=\"elementor-container elementor-column-gap-no\">\n\t\t\t\t\t<div class=\"elementor-column elementor-col-100 elementor-top-column elementor-element elementor-element-33e12d14\" data-id=\"33e12d14\" data-element_type=\"column\">\n\t\t\t<div class=\"elementor-widget-wrap elementor-element-populated\">\n\t\t\t\t\t\t<section class=\"elementor-section elementor-inner-section elementor-element elementor-element-4c964137 elementor-section-boxed elementor-section-height-default elementor-section-height-default\" data-id=\"4c964137\" data-element_type=\"section\">\n\t\t\t\t\t\t<div class=\"elementor-container elementor-column-gap-no\">\n\t\t\t\t\t<div class=\"elementor-column elementor-col-50 elementor-inner-column elementor-element elementor-element-1ce35c3b\" data-id=\"1ce35c3b\" data-element_type=\"column\">\n\t\t\t<div class=\"elementor-widget-wrap elementor-element-populated\">\n\t\t\t\t\t\t<div class=\"elementor-element elementor-element-71d1658d elementor-widget elementor-widget-image\" data-id=\"71d1658d\" data-element_type=\"widget\" data-widget_type=\"image.default\">\n\t\t\t\t<div class=\"elementor-widget-container\">\n\t\t\t\t\t\t\t\t\t\t\t\t\t<img fetchpriority=\"high\" decoding=\"async\" width=\"2000\" height=\"1499\" src=\"https:\/\/eldeka.pl\/wp-content\/uploads\/2022\/04\/Scrap20.jpg\" class=\"attachment-full size-full wp-image-166\" alt=\"\" srcset=\"https:\/\/eldeka.pl\/wp-content\/uploads\/2022\/04\/Scrap20.jpg 2000w, https:\/\/eldeka.pl\/wp-content\/uploads\/2022\/04\/Scrap20-300x225.jpg 300w, https:\/\/eldeka.pl\/wp-content\/uploads\/2022\/04\/Scrap20-1024x767.jpg 1024w, https:\/\/eldeka.pl\/wp-content\/uploads\/2022\/04\/Scrap20-768x576.jpg 768w, https:\/\/eldeka.pl\/wp-content\/uploads\/2022\/04\/Scrap20-1536x1151.jpg 1536w\" sizes=\"(max-width: 2000px) 100vw, 2000px\" \/>\t\t\t\t\t\t\t\t\t\t\t\t\t<\/div>\n\t\t\t\t<\/div>\n\t\t\t\t\t<\/div>\n\t\t<\/div>\n\t\t\t\t<div class=\"elementor-column elementor-col-50 elementor-inner-column elementor-element elementor-element-2248937\" data-id=\"2248937\" data-element_type=\"column\">\n\t\t\t<div class=\"elementor-widget-wrap elementor-element-populated\">\n\t\t\t\t\t\t<div class=\"elementor-element elementor-element-43cfce64 elementor-widget elementor-widget-image\" data-id=\"43cfce64\" data-element_type=\"widget\" data-widget_type=\"image.default\">\n\t\t\t\t<div class=\"elementor-widget-container\">\n\t\t\t\t\t\t\t\t\t\t\t\t\t<img decoding=\"async\" width=\"2000\" height=\"1499\" src=\"https:\/\/eldeka.pl\/wp-content\/uploads\/2022\/04\/a-worker-cutting-thru-metal-scraps.jpg\" class=\"attachment-full size-full wp-image-163\" alt=\"A worker cutting thru metal scraps\" srcset=\"https:\/\/eldeka.pl\/wp-content\/uploads\/2022\/04\/a-worker-cutting-thru-metal-scraps.jpg 2000w, https:\/\/eldeka.pl\/wp-content\/uploads\/2022\/04\/a-worker-cutting-thru-metal-scraps-300x225.jpg 300w, https:\/\/eldeka.pl\/wp-content\/uploads\/2022\/04\/a-worker-cutting-thru-metal-scraps-1024x767.jpg 1024w, https:\/\/eldeka.pl\/wp-content\/uploads\/2022\/04\/a-worker-cutting-thru-metal-scraps-768x576.jpg 768w, https:\/\/eldeka.pl\/wp-content\/uploads\/2022\/04\/a-worker-cutting-thru-metal-scraps-1536x1151.jpg 1536w\" sizes=\"(max-width: 2000px) 100vw, 2000px\" \/>\t\t\t\t\t\t\t\t\t\t\t\t\t<\/div>\n\t\t\t\t<\/div>\n\t\t\t\t\t<\/div>\n\t\t<\/div>\n\t\t\t\t\t<\/div>\n\t\t<\/section>\n\t\t\t\t<section class=\"elementor-section elementor-inner-section elementor-element elementor-element-375337e7 elementor-section-boxed elementor-section-height-default elementor-section-height-default\" data-id=\"375337e7\" data-element_type=\"section\">\n\t\t\t\t\t\t<div class=\"elementor-container elementor-column-gap-default\">\n\t\t\t\t\t<div class=\"elementor-column elementor-col-50 elementor-inner-column elementor-element elementor-element-574b0267\" data-id=\"574b0267\" data-element_type=\"column\">\n\t\t\t<div class=\"elementor-widget-wrap elementor-element-populated\">\n\t\t\t\t\t\t<div class=\"elementor-element elementor-element-2e85c05b elementor-widget elementor-widget-image\" data-id=\"2e85c05b\" data-element_type=\"widget\" data-widget_type=\"image.default\">\n\t\t\t\t<div class=\"elementor-widget-container\">\n\t\t\t\t\t\t\t\t\t\t\t\t\t<img decoding=\"async\" width=\"17\" height=\"19\" src=\"https:\/\/eldeka.pl\/wp-content\/uploads\/2022\/04\/logo-home-page.png\" class=\"attachment-full size-full wp-image-24\" alt=\"\" \/>\t\t\t\t\t\t\t\t\t\t\t\t\t<\/div>\n\t\t\t\t<\/div>\n\t\t\t\t<div class=\"elementor-element elementor-element-2896aa36 elementor-widget elementor-widget-heading\" data-id=\"2896aa36\" data-element_type=\"widget\" data-widget_type=\"heading.default\">\n\t\t\t\t<div class=\"elementor-widget-container\">\n\t\t\t<h4 class=\"elementor-heading-title elementor-size-default\">O FIRMIE<\/h4>\t\t<\/div>\n\t\t\t\t<\/div>\n\t\t\t\t<div class=\"elementor-element elementor-element-2a10f5dd elementor-widget elementor-widget-heading\" data-id=\"2a10f5dd\" data-element_type=\"widget\" data-widget_type=\"heading.default\">\n\t\t\t\t<div class=\"elementor-widget-container\">\n\t\t\t<h1 class=\"elementor-heading-title elementor-size-default\">RECYKLING. ZASOBY. ODPOWIEDZIALNO\u015a\u0106. <\/br>To nie tylko motto, lecz  tak\u017ce nasz cel.<\/h1>\t\t<\/div>\n\t\t\t\t<\/div>\n\t\t\t\t\t<\/div>\n\t\t<\/div>\n\t\t\t\t<div class=\"elementor-column elementor-col-50 elementor-inner-column elementor-element elementor-element-6c773d0e\" data-id=\"6c773d0e\" data-element_type=\"column\">\n\t\t\t<div class=\"elementor-widget-wrap elementor-element-populated\">\n\t\t\t\t\t\t<div class=\"elementor-element elementor-element-5f1c09f2 elementor-widget elementor-widget-heading\" data-id=\"5f1c09f2\" data-element_type=\"widget\" data-widget_type=\"heading.default\">\n\t\t\t\t<div class=\"elementor-widget-container\">\n\t\t\t<p class=\"elementor-heading-title elementor-size-default\">Nasz skup z\u0142omu metali kolorowych cechuje dba\u0142o\u015b\u0107 o \u015brodowisko naturalne. Handluj\u0105c z nami przyczyniasz si\u0119 do ochrony \u015brodowiska gdy\u017c wszystkie skupowane przez nas metale s\u0105 przekazywane do hut, w kt\u00f3rych ulegaj\u0105 powt\u00f3rnemu przetopieniu i do obrotu wracaj\u0105 w formie produkt\u00f3w. Dzi\u0119ki recyklingowi chronisz r\u00f3wnie\u017c  ograniczone zasoby naturalne. <br>\n<br>Dysponujemy odpowiednim sprz\u0119tem niezb\u0119dnym do szybkiej analizy sk\u0142adu chemicznego skupowanego przez nas z\u0142omu metali kolorowych. Przeno\u015bny spektrometr rentgenowski xrf pozwala na natychmiastow\u0105 analiz\u0119 skupowanego odpadu oraz wykonanie wyceny towaru na miejscu.<\/p>\t\t<\/div>\n\t\t\t\t<\/div>\n\t\t\t\t\t<\/div>\n\t\t<\/div>\n\t\t\t\t\t<\/div>\n\t\t<\/section>\n\t\t\t\t<section class=\"elementor-section elementor-inner-section elementor-element elementor-element-8c28787 elementor-section-boxed elementor-section-height-default elementor-section-height-default\" data-id=\"8c28787\" data-element_type=\"section\">\n\t\t\t\t\t\t<div class=\"elementor-container elementor-column-gap-default\">\n\t\t\t\t\t<div class=\"elementor-column elementor-col-50 elementor-inner-column elementor-element elementor-element-aef02c0\" data-id=\"aef02c0\" data-element_type=\"column\">\n\t\t\t<div class=\"elementor-widget-wrap elementor-element-populated\">\n\t\t\t\t\t\t<div class=\"elementor-element elementor-element-008a996 elementor-widget elementor-widget-heading\" data-id=\"008a996\" data-element_type=\"widget\" data-widget_type=\"heading.default\">\n\t\t\t\t<div class=\"elementor-widget-container\">\n\t\t\t<p class=\"elementor-heading-title elementor-size-default\">Osoby oraz podmioty gospodarcze zainteresowane nawi\u0105zaniem z nami wsp\u00f3\u0142pracy z zapraszamy do kontaktu telefonicznego lub przez formularz kontaktowy.\nBardzo ch\u0119tnie odpowiemy na wszystkie pytania i w\u0105tpliwo\u015bci. \n<\/br>Pami\u0119taj, \u017ce u nas cena skupu z\u0142omu jest zawsze atrakcyjna i rynkowa.\n<\/br><\/p>\t\t<\/div>\n\t\t\t\t<\/div>\n\t\t\t\t\t<\/div>\n\t\t<\/div>\n\t\t\t\t<div class=\"elementor-column elementor-col-50 elementor-inner-column elementor-element elementor-element-65d2f92\" data-id=\"65d2f92\" data-element_type=\"column\">\n\t\t\t<div class=\"elementor-widget-wrap elementor-element-populated\">\n\t\t\t\t\t\t<div class=\"elementor-element elementor-element-9e0949e elementor-widget elementor-widget-video\" data-id=\"9e0949e\" data-element_type=\"widget\" data-settings=\"{&quot;video_type&quot;:&quot;hosted&quot;,&quot;autoplay&quot;:&quot;yes&quot;,&quot;mute&quot;:&quot;yes&quot;}\" data-widget_type=\"video.default\">\n\t\t\t\t<div class=\"elementor-widget-container\">\n\t\t\t\t\t<div class=\"e-hosted-video elementor-wrapper elementor-open-inline\">\n\t\t\t\t\t<video class=\"elementor-video\" src=\"http:\/\/eldeka.pl\/wp-content\/uploads\/2022\/04\/eldeka_film_x264.mp4\" autoplay=\"\" muted=\"muted\" controlsList=\"nodownload\"><\/video>\n\t\t\t\t<\/div>\n\t\t\t\t<\/div>\n\t\t\t\t<\/div>\n\t\t\t\t\t<\/div>\n\t\t<\/div>\n\t\t\t\t\t<\/div>\n\t\t<\/section>\n\t\t\t\t\t<\/div>\n\t\t<\/div>\n\t\t\t\t\t<\/div>\n\t\t<\/section>\n\t\t\t\t<section class=\"elementor-section elementor-top-section elementor-element elementor-element-20f77b68 elementor-section-boxed elementor-section-height-default elementor-section-height-default\" data-id=\"20f77b68\" data-element_type=\"section\">\n\t\t\t\t\t\t<div class=\"elementor-container elementor-column-gap-no\">\n\t\t\t\t\t<div class=\"elementor-column elementor-col-100 elementor-top-column elementor-element elementor-element-4f8d7a72\" data-id=\"4f8d7a72\" data-element_type=\"column\">\n\t\t\t<div class=\"elementor-widget-wrap elementor-element-populated\">\n\t\t\t\t\t\t<div class=\"elementor-element elementor-element-63f762a9 elementor-widget elementor-widget-spacer\" data-id=\"63f762a9\" data-element_type=\"widget\" data-widget_type=\"spacer.default\">\n\t\t\t\t<div class=\"elementor-widget-container\">\n\t\t\t\t\t<div class=\"elementor-spacer\">\n\t\t\t<div class=\"elementor-spacer-inner\"><\/div>\n\t\t<\/div>\n\t\t\t\t<\/div>\n\t\t\t\t<\/div>\n\t\t\t\t\t<\/div>\n\t\t<\/div>\n\t\t\t\t\t<\/div>\n\t\t<\/section>\n\t\t\t\t<section class=\"elementor-section elementor-top-section elementor-element elementor-element-55d3d6a5 elementor-section-boxed elementor-section-height-default elementor-section-height-default\" data-id=\"55d3d6a5\" data-element_type=\"section\" data-settings=\"{&quot;background_background&quot;:&quot;classic&quot;}\">\n\t\t\t\t\t\t<div class=\"elementor-container elementor-column-gap-default\">\n\t\t\t\t\t<div class=\"elementor-column elementor-col-100 elementor-top-column elementor-element elementor-element-79b6e8e0 animated-slow elementor-invisible\" data-id=\"79b6e8e0\" data-element_type=\"column\" data-settings=\"{&quot;animation&quot;:&quot;fadeInUp&quot;,&quot;animation_delay&quot;:500}\">\n\t\t\t<div class=\"elementor-widget-wrap elementor-element-populated\">\n\t\t\t\t\t\t<section class=\"elementor-section elementor-inner-section elementor-element elementor-element-419d9cce elementor-section-boxed elementor-section-height-default elementor-section-height-default\" data-id=\"419d9cce\" data-element_type=\"section\">\n\t\t\t\t\t\t<div class=\"elementor-container elementor-column-gap-default\">\n\t\t\t\t\t<div class=\"elementor-column elementor-col-100 elementor-inner-column elementor-element elementor-element-74b1100d\" data-id=\"74b1100d\" data-element_type=\"column\">\n\t\t\t<div class=\"elementor-widget-wrap elementor-element-populated\">\n\t\t\t\t\t\t<div class=\"elementor-element elementor-element-246e0fce elementor-widget elementor-widget-heading\" data-id=\"246e0fce\" data-element_type=\"widget\" data-widget_type=\"heading.default\">\n\t\t\t\t<div class=\"elementor-widget-container\">\n\t\t\t<span class=\"elementor-heading-title elementor-size-default\">Nasz\u0105 misj\u0105 jest zadowolenie klienta oraz budowanie d\u0142ugoterminowych relacji biznesowych opartych na zaufaniu i obop\u00f3lnych korzy\u015bciach.<\/span>\t\t<\/div>\n\t\t\t\t<\/div>\n\t\t\t\t\t<\/div>\n\t\t<\/div>\n\t\t\t\t\t<\/div>\n\t\t<\/section>\n\t\t\t\t\t<\/div>\n\t\t<\/div>\n\t\t\t\t\t<\/div>\n\t\t<\/section>\n\t\t\t\t<section class=\"elementor-section elementor-top-section elementor-element elementor-element-164c8487 elementor-section-boxed elementor-section-height-default elementor-section-height-default\" data-id=\"164c8487\" data-element_type=\"section\" data-settings=\"{&quot;background_background&quot;:&quot;classic&quot;}\">\n\t\t\t\t\t\t<div class=\"elementor-container elementor-column-gap-default\">\n\t\t\t\t\t<div class=\"elementor-column elementor-col-100 elementor-top-column elementor-element elementor-element-5bbc6bf3\" data-id=\"5bbc6bf3\" data-element_type=\"column\">\n\t\t\t<div class=\"elementor-widget-wrap elementor-element-populated\">\n\t\t\t\t\t\t<div class=\"elementor-element elementor-element-51c24737 elementor-widget elementor-widget-heading\" data-id=\"51c24737\" data-element_type=\"widget\" data-widget_type=\"heading.default\">\n\t\t\t\t<div class=\"elementor-widget-container\">\n\t\t\t<span class=\"elementor-heading-title elementor-size-default\">NIE WAHAJ SI\u0118 Z NAMI SKONTAKTOWA\u0106<\/span>\t\t<\/div>\n\t\t\t\t<\/div>\n\t\t\t\t<div class=\"elementor-element elementor-element-64cc2ff5 elementor-widget elementor-widget-heading\" data-id=\"64cc2ff5\" data-element_type=\"widget\" data-widget_type=\"heading.default\">\n\t\t\t\t<div class=\"elementor-widget-container\">\n\t\t\t<h2 class=\"elementor-heading-title elementor-size-default\">Twoje pomys\u0142y\n\u2013 wsp\u00f3lna realizacja<\/h2>\t\t<\/div>\n\t\t\t\t<\/div>\n\t\t\t\t<div class=\"elementor-element elementor-element-ccbb86b elementor-align-center elementor-widget elementor-widget-button\" data-id=\"ccbb86b\" data-element_type=\"widget\" data-widget_type=\"button.default\">\n\t\t\t\t<div class=\"elementor-widget-container\">\n\t\t\t\t\t\t\t<div class=\"elementor-button-wrapper\">\n\t\t\t\t\t<a class=\"elementor-button elementor-button-link elementor-size-sm\" href=\"https:\/\/eldeka.pl\/index.php\/kontakt\/\">\n\t\t\t\t\t\t<span class=\"elementor-button-content-wrapper\">\n\t\t\t\t\t\t\t\t\t<span class=\"elementor-button-text\">KONTAKT<\/span>\n\t\t\t\t\t<\/span>\n\t\t\t\t\t<\/a>\n\t\t\t\t<\/div>\n\t\t\t\t\t\t<\/div>\n\t\t\t\t<\/div>\n\t\t\t\t\t<\/div>\n\t\t<\/div>\n\t\t\t\t\t<\/div>\n\t\t<\/section>\n\t\t\t\t<\/div>\n\t\t","protected":false},"excerpt":{"rendered":"<p>O NAS O FIRMIE RECYKLING. ZASOBY. ODPOWIEDZIALNO\u015a\u0106. To nie tylko motto, lecz tak\u017ce nasz cel. Nasz skup z\u0142omu metali kolorowych cechuje dba\u0142o\u015b\u0107 o \u015brodowisko naturalne. Handluj\u0105c z nami przyczyniasz si\u0119 do ochrony \u015brodowiska gdy\u017c wszystkie skupowane przez nas metale s\u0105 przekazywane do hut, w kt\u00f3rych ulegaj\u0105 powt\u00f3rnemu przetopieniu i do obrotu wracaj\u0105 w formie produkt\u00f3w. [&hellip;]<\/p>\n","protected":false},"author":1,"featured_media":0,"parent":0,"menu_order":0,"comment_status":"closed","ping_status":"closed","template":"","meta":{"footnotes":""},"class_list":["post-90","page","type-page","status-publish","hentry"],"_links":{"self":[{"href":"https:\/\/eldeka.pl\/index.php\/wp-json\/wp\/v2\/pages\/90","targetHints":{"allow":["GET"]}}],"collection":[{"href":"https:\/\/eldeka.pl\/index.php\/wp-json\/wp\/v2\/pages"}],"about":[{"href":"https:\/\/eldeka.pl\/index.php\/wp-json\/wp\/v2\/types\/page"}],"author":[{"embeddable":true,"href":"https:\/\/eldeka.pl\/index.php\/wp-json\/wp\/v2\/users\/1"}],"replies":[{"embeddable":true,"href":"https:\/\/eldeka.pl\/index.php\/wp-json\/wp\/v2\/comments?post=90"}],"version-history":[{"count":40,"href":"https:\/\/eldeka.pl\/index.php\/wp-json\/wp\/v2\/pages\/90\/revisions"}],"predecessor-version":[{"id":305,"href":"https:\/\/eldeka.pl\/index.php\/wp-json\/wp\/v2\/pages\/90\/revisions\/305"}],"wp:attachment":[{"href":"https:\/\/eldeka.pl\/index.php\/wp-json\/wp\/v2\/media?parent=90"}],"curies":[{"name":"wp","href":"https:\/\/api.w.org\/{rel}","templated":true}]}}