{"id":92,"date":"2022-04-19T10:13:34","date_gmt":"2022-04-19T08:13:34","guid":{"rendered":"https:\/\/eldeka.pl\/?page_id=92"},"modified":"2022-04-22T09:30:19","modified_gmt":"2022-04-22T07:30:19","slug":"oferta","status":"publish","type":"page","link":"https:\/\/eldeka.pl\/index.php\/oferta\/","title":{"rendered":"Oferta"},"content":{"rendered":"\t\t<div data-elementor-type=\"wp-page\" data-elementor-id=\"92\" class=\"elementor elementor-92\">\n\t\t\t\t\t\t<section class=\"elementor-section elementor-top-section elementor-element elementor-element-10a5886 elementor-section-boxed elementor-section-height-default elementor-section-height-default\" data-id=\"10a5886\" data-element_type=\"section\" data-settings=\"{&quot;background_background&quot;:&quot;classic&quot;}\">\n\t\t\t\t\t\t<div class=\"elementor-container elementor-column-gap-default\">\n\t\t\t\t\t<div class=\"elementor-column elementor-col-100 elementor-top-column elementor-element elementor-element-650fa9c\" data-id=\"650fa9c\" data-element_type=\"column\">\n\t\t\t<div class=\"elementor-widget-wrap elementor-element-populated\">\n\t\t\t\t\t\t<section class=\"elementor-section elementor-inner-section elementor-element elementor-element-2da3665 elementor-section-boxed elementor-section-height-default elementor-section-height-default\" data-id=\"2da3665\" data-element_type=\"section\">\n\t\t\t\t\t\t<div class=\"elementor-container elementor-column-gap-default\">\n\t\t\t\t\t<div class=\"elementor-column elementor-col-25 elementor-inner-column elementor-element elementor-element-c8e2d30\" data-id=\"c8e2d30\" data-element_type=\"column\">\n\t\t\t<div class=\"elementor-widget-wrap\">\n\t\t\t\t\t\t\t<\/div>\n\t\t<\/div>\n\t\t\t\t<div class=\"elementor-column elementor-col-25 elementor-inner-column elementor-element elementor-element-f1ccfc2\" data-id=\"f1ccfc2\" data-element_type=\"column\">\n\t\t\t<div class=\"elementor-widget-wrap\">\n\t\t\t\t\t\t\t<\/div>\n\t\t<\/div>\n\t\t\t\t<div class=\"elementor-column elementor-col-25 elementor-inner-column elementor-element elementor-element-f3a94f9\" data-id=\"f3a94f9\" data-element_type=\"column\">\n\t\t\t<div class=\"elementor-widget-wrap\">\n\t\t\t\t\t\t\t<\/div>\n\t\t<\/div>\n\t\t\t\t<div class=\"elementor-column elementor-col-25 elementor-inner-column elementor-element elementor-element-1fb3b03\" data-id=\"1fb3b03\" data-element_type=\"column\">\n\t\t\t<div class=\"elementor-widget-wrap\">\n\t\t\t\t\t\t\t<\/div>\n\t\t<\/div>\n\t\t\t\t\t<\/div>\n\t\t<\/section>\n\t\t\t\t<div class=\"elementor-element elementor-element-f3c9a83 elementor-widget elementor-widget-heading\" data-id=\"f3c9a83\" data-element_type=\"widget\" data-widget_type=\"heading.default\">\n\t\t\t\t<div class=\"elementor-widget-container\">\n\t\t\t<span class=\"elementor-heading-title elementor-size-default\"><\/br>OFERTA<\/br>\n\n<\/br>\n<\/span>\t\t<\/div>\n\t\t\t\t<\/div>\n\t\t\t\t\t<\/div>\n\t\t<\/div>\n\t\t\t\t\t<\/div>\n\t\t<\/section>\n\t\t\t\t<section class=\"elementor-section elementor-top-section elementor-element elementor-element-6d71e51e elementor-section-boxed elementor-section-height-default elementor-section-height-default\" data-id=\"6d71e51e\" data-element_type=\"section\">\n\t\t\t\t\t\t<div class=\"elementor-container elementor-column-gap-default\">\n\t\t\t\t\t<div class=\"elementor-column elementor-col-100 elementor-top-column elementor-element elementor-element-3228e135\" data-id=\"3228e135\" data-element_type=\"column\">\n\t\t\t<div class=\"elementor-widget-wrap elementor-element-populated\">\n\t\t\t\t\t\t<div class=\"elementor-element elementor-element-277edef3 elementor-widget elementor-widget-image\" data-id=\"277edef3\" data-element_type=\"widget\" data-widget_type=\"image.default\">\n\t\t\t\t<div class=\"elementor-widget-container\">\n\t\t\t\t\t\t\t\t\t\t\t\t\t<img fetchpriority=\"high\" decoding=\"async\" width=\"2000\" height=\"1125\" src=\"https:\/\/eldeka.pl\/wp-content\/uploads\/2022\/04\/special-claw-gripper-working-on-metal-scrapyard-with-old-rusty-pieces.jpg\" class=\"attachment-full size-full wp-image-171\" alt=\"Special claw gripper working on metal scrapyard with old rusty pieces\" srcset=\"https:\/\/eldeka.pl\/wp-content\/uploads\/2022\/04\/special-claw-gripper-working-on-metal-scrapyard-with-old-rusty-pieces.jpg 2000w, https:\/\/eldeka.pl\/wp-content\/uploads\/2022\/04\/special-claw-gripper-working-on-metal-scrapyard-with-old-rusty-pieces-300x169.jpg 300w, https:\/\/eldeka.pl\/wp-content\/uploads\/2022\/04\/special-claw-gripper-working-on-metal-scrapyard-with-old-rusty-pieces-1024x576.jpg 1024w, https:\/\/eldeka.pl\/wp-content\/uploads\/2022\/04\/special-claw-gripper-working-on-metal-scrapyard-with-old-rusty-pieces-768x432.jpg 768w, https:\/\/eldeka.pl\/wp-content\/uploads\/2022\/04\/special-claw-gripper-working-on-metal-scrapyard-with-old-rusty-pieces-1536x864.jpg 1536w\" sizes=\"(max-width: 2000px) 100vw, 2000px\" \/>\t\t\t\t\t\t\t\t\t\t\t\t\t<\/div>\n\t\t\t\t<\/div>\n\t\t\t\t\t<\/div>\n\t\t<\/div>\n\t\t\t\t\t<\/div>\n\t\t<\/section>\n\t\t\t\t<section class=\"elementor-section elementor-top-section elementor-element elementor-element-53789e5 elementor-section-boxed elementor-section-height-default elementor-section-height-default\" data-id=\"53789e5\" data-element_type=\"section\" data-settings=\"{&quot;background_background&quot;:&quot;classic&quot;}\">\n\t\t\t\t\t\t<div class=\"elementor-container elementor-column-gap-default\">\n\t\t\t\t\t<div class=\"elementor-column elementor-col-100 elementor-top-column elementor-element elementor-element-1f9259c9\" data-id=\"1f9259c9\" data-element_type=\"column\">\n\t\t\t<div class=\"elementor-widget-wrap elementor-element-populated\">\n\t\t\t\t\t\t<section class=\"elementor-section elementor-inner-section elementor-element elementor-element-5c25da5f elementor-section-boxed elementor-section-height-default elementor-section-height-default\" data-id=\"5c25da5f\" data-element_type=\"section\">\n\t\t\t\t\t\t<div class=\"elementor-container elementor-column-gap-default\">\n\t\t\t\t\t<div class=\"elementor-column elementor-col-100 elementor-inner-column elementor-element elementor-element-33214339\" data-id=\"33214339\" data-element_type=\"column\">\n\t\t\t<div class=\"elementor-widget-wrap elementor-element-populated\">\n\t\t\t\t\t\t<div class=\"elementor-element elementor-element-4349d644 elementor-widget elementor-widget-image\" data-id=\"4349d644\" data-element_type=\"widget\" data-widget_type=\"image.default\">\n\t\t\t\t<div class=\"elementor-widget-container\">\n\t\t\t\t\t\t\t\t\t\t\t\t\t<img decoding=\"async\" width=\"17\" height=\"19\" src=\"https:\/\/eldeka.pl\/wp-content\/uploads\/2022\/04\/logo-home-page.png\" class=\"attachment-full size-full wp-image-24\" alt=\"\" \/>\t\t\t\t\t\t\t\t\t\t\t\t\t<\/div>\n\t\t\t\t<\/div>\n\t\t\t\t<div class=\"elementor-element elementor-element-3e3583dc elementor-widget elementor-widget-heading\" data-id=\"3e3583dc\" data-element_type=\"widget\" data-widget_type=\"heading.default\">\n\t\t\t\t<div class=\"elementor-widget-container\">\n\t\t\t<h4 class=\"elementor-heading-title elementor-size-default\">OFERTA<\/h4>\t\t<\/div>\n\t\t\t\t<\/div>\n\t\t\t\t<div class=\"elementor-element elementor-element-2f1991bb elementor-widget elementor-widget-heading\" data-id=\"2f1991bb\" data-element_type=\"widget\" data-widget_type=\"heading.default\">\n\t\t\t\t<div class=\"elementor-widget-container\">\n\t\t\t<h1 class=\"elementor-heading-title elementor-size-default\">Nasz skup z\u0142omu stalowego, \u017celiwnego i metali kolorowych specjalizuje si\u0119  mi\u0119dzy innymi skupie:<\/h1>\t\t<\/div>\n\t\t\t\t<\/div>\n\t\t\t\t\t<\/div>\n\t\t<\/div>\n\t\t\t\t\t<\/div>\n\t\t<\/section>\n\t\t\t\t\t<\/div>\n\t\t<\/div>\n\t\t\t\t\t<\/div>\n\t\t<\/section>\n\t\t\t\t<section class=\"elementor-section elementor-top-section elementor-element elementor-element-ecf06e9 elementor-section-boxed elementor-section-height-default elementor-section-height-default\" data-id=\"ecf06e9\" data-element_type=\"section\" data-settings=\"{&quot;background_background&quot;:&quot;classic&quot;}\">\n\t\t\t\t\t\t<div class=\"elementor-container elementor-column-gap-default\">\n\t\t\t\t\t<div class=\"elementor-column elementor-col-50 elementor-top-column elementor-element elementor-element-b7fd9ba\" data-id=\"b7fd9ba\" data-element_type=\"column\">\n\t\t\t<div class=\"elementor-widget-wrap elementor-element-populated\">\n\t\t\t\t\t\t<div class=\"elementor-element elementor-element-d004271 elementor-widget elementor-widget-text-editor\" data-id=\"d004271\" data-element_type=\"widget\" data-widget_type=\"text-editor.default\">\n\t\t\t\t<div class=\"elementor-widget-container\">\n\t\t\t\t\t\t\t<p>&#8211; z\u0142omu miedzi<br \/>&#8211; z\u0142omu wi\u0105zek samochodowych<br \/>&#8211; z\u0142omu kabli<br \/>&#8211; z\u0142omu br\u0105zu<br \/>&#8211; z\u0142omu mosi\u0105dzu<br \/>&#8211; z\u0142omu wi\u00f3r\u00f3w br\u0105zu i mosi\u0105dzu<br \/>&#8211; z\u0142omu ch\u0142odnic<br \/>&#8211; z\u0142omu aluminium,<br \/>&#8211; z\u0142omu stop\u00f3w odlewniczych aluminium<br \/>&#8211; z\u0142omu stop\u00f3w aluminium przerabianych plastycznie<br \/>&#8211; zu\u017cytych aluminiowych puszek po napojach<br \/>&#8211; z\u0142omu aluminiowych p\u0142yt offsetowych<br \/>&#8211; z\u0142omu profili ze stop\u00f3w aluminiowych<br \/>&#8211; z\u0142omu folii aluminiowej<br \/>&#8211; z\u0142omu felg aluminiowych<\/p>\t\t\t\t\t\t<\/div>\n\t\t\t\t<\/div>\n\t\t\t\t\t<\/div>\n\t\t<\/div>\n\t\t\t\t<div class=\"elementor-column elementor-col-50 elementor-top-column elementor-element elementor-element-bee56db\" data-id=\"bee56db\" data-element_type=\"column\">\n\t\t\t<div class=\"elementor-widget-wrap elementor-element-populated\">\n\t\t\t\t\t\t<div class=\"elementor-element elementor-element-8c4f33c elementor-widget elementor-widget-text-editor\" data-id=\"8c4f33c\" data-element_type=\"widget\" data-widget_type=\"text-editor.default\">\n\t\t\t\t<div class=\"elementor-widget-container\">\n\t\t\t\t\t\t\t<p>&#8211; z\u0142omu \u017caluzji i rolet aluminiowych<br \/>&#8211; odpad\u00f3w w postaci wi\u00f3r aluminiowych<br \/>&#8211; z\u0142omu cynku i stop\u00f3w cynku<br \/>&#8211; z\u0142omu o\u0142owiu<br \/>&#8211; z\u0142omu stop\u00f3w ZnAl<br \/>&#8211; z\u0142omu stali nierdzewnych<br \/>&#8211; z\u0142omu wi\u00f3r\u00f3w stali nierdzewnej<br \/>&#8211; z\u0142omu stali chromowych<br \/>&#8211; z\u0142omu stali zwyk\u0142ych<br \/>&#8211; z\u0142omu \u017celiwa<br \/>&#8211; z\u0142omu akumulator\u00f3w<br \/>&#8211; z\u0142omu katalizator\u00f3w<br \/>i inne<\/p>\t\t\t\t\t\t<\/div>\n\t\t\t\t<\/div>\n\t\t\t\t\t<\/div>\n\t\t<\/div>\n\t\t\t\t\t<\/div>\n\t\t<\/section>\n\t\t\t\t<section class=\"elementor-section elementor-top-section elementor-element elementor-element-1c34d08 elementor-section-boxed elementor-section-height-default elementor-section-height-default\" data-id=\"1c34d08\" data-element_type=\"section\" data-settings=\"{&quot;background_background&quot;:&quot;classic&quot;}\">\n\t\t\t\t\t\t<div class=\"elementor-container elementor-column-gap-default\">\n\t\t\t\t\t<div class=\"elementor-column elementor-col-100 elementor-top-column elementor-element elementor-element-175fb21\" data-id=\"175fb21\" data-element_type=\"column\">\n\t\t\t<div class=\"elementor-widget-wrap elementor-element-populated\">\n\t\t\t\t\t\t<section class=\"elementor-section elementor-inner-section elementor-element elementor-element-a7362f5 elementor-section-boxed elementor-section-height-default elementor-section-height-default\" data-id=\"a7362f5\" data-element_type=\"section\">\n\t\t\t\t\t\t<div class=\"elementor-container elementor-column-gap-default\">\n\t\t\t\t\t<div class=\"elementor-column elementor-col-100 elementor-inner-column elementor-element elementor-element-6a7bf7b\" data-id=\"6a7bf7b\" data-element_type=\"column\">\n\t\t\t<div class=\"elementor-widget-wrap elementor-element-populated\">\n\t\t\t\t\t\t<div class=\"elementor-element elementor-element-95dfcaf elementor-widget elementor-widget-heading\" data-id=\"95dfcaf\" data-element_type=\"widget\" data-widget_type=\"heading.default\">\n\t\t\t\t<div class=\"elementor-widget-container\">\n\t\t\t<h1 class=\"elementor-heading-title elementor-size-default\">Co wyr\u00f3\u017cnia nasz skup z\u0142omu na tle konkurencji?<\/h1>\t\t<\/div>\n\t\t\t\t<\/div>\n\t\t\t\t\t<\/div>\n\t\t<\/div>\n\t\t\t\t\t<\/div>\n\t\t<\/section>\n\t\t\t\t\t<\/div>\n\t\t<\/div>\n\t\t\t\t\t<\/div>\n\t\t<\/section>\n\t\t\t\t<section class=\"elementor-section elementor-top-section elementor-element elementor-element-13c500c1 elementor-section-boxed elementor-section-height-default elementor-section-height-default\" data-id=\"13c500c1\" data-element_type=\"section\" data-settings=\"{&quot;background_background&quot;:&quot;classic&quot;}\">\n\t\t\t\t\t\t<div class=\"elementor-container elementor-column-gap-default\">\n\t\t\t\t\t<div class=\"elementor-column elementor-col-50 elementor-top-column elementor-element elementor-element-4f525c0\" data-id=\"4f525c0\" data-element_type=\"column\">\n\t\t\t<div class=\"elementor-widget-wrap elementor-element-populated\">\n\t\t\t\t\t\t<div class=\"elementor-element elementor-element-a6ea0ee elementor-widget elementor-widget-text-editor\" data-id=\"a6ea0ee\" data-element_type=\"widget\" data-widget_type=\"text-editor.default\">\n\t\t\t\t<div class=\"elementor-widget-container\">\n\t\t\t\t\t\t\t<p>&#8211; konkurencyjne ceny<br \/>&#8211; terminowe p\u0142atno\u015bci<br \/>&#8211; uczciw\u0105 klasyfikacj\u0119 z\u0142omu<br \/>&#8211; fachow\u0105 i rzeteln\u0105 porad\u0119<br \/>&#8211; indywidualne negocjowanie cen przy du\u017cych dostawach<br \/>&#8211; partnerskie warunki i d\u0142ugoterminowo\u015b\u0107 wsp\u00f3\u0142pracy<\/p>\t\t\t\t\t\t<\/div>\n\t\t\t\t<\/div>\n\t\t\t\t\t<\/div>\n\t\t<\/div>\n\t\t\t\t<div class=\"elementor-column elementor-col-50 elementor-top-column elementor-element elementor-element-8452a35\" data-id=\"8452a35\" data-element_type=\"column\">\n\t\t\t<div class=\"elementor-widget-wrap elementor-element-populated\">\n\t\t\t\t\t\t<div class=\"elementor-element elementor-element-144944e elementor-widget elementor-widget-text-editor\" data-id=\"144944e\" data-element_type=\"widget\" data-widget_type=\"text-editor.default\">\n\t\t\t\t<div class=\"elementor-widget-container\">\n\t\t\t\t\t\t\t<p>&#8211; bezpo\u015bredni kontakt z przedstawicielem przedsi\u0119biorstwa<br \/>&#8211; sprawn\u0105, szybk\u0105 i kompleksow\u0105 obs\u0142ug\u0119 kontrahent\u00f3w (za\u0142adunek, transport, roz\u0142adunek)<br \/>&#8211; szybki odbi\u00f3r towaru<br \/>&#8211; dok\u0142adne wa\u017cenie<br \/>&#8211; mo\u017cliwo\u015b\u0107 odbioru hurtowych ilo\u015bci z\u0142omu w\u0142asnym transportem (istnieje mo\u017cliwo\u015b\u0107 podstawienia kontener\u00f3w na z\u0142om)<br \/>&#8211; wystawiamy karty odpad\u00f3w<\/p>\t\t\t\t\t\t<\/div>\n\t\t\t\t<\/div>\n\t\t\t\t\t<\/div>\n\t\t<\/div>\n\t\t\t\t\t<\/div>\n\t\t<\/section>\n\t\t\t\t<section class=\"elementor-section elementor-top-section elementor-element elementor-element-92db79b elementor-section-boxed elementor-section-height-default elementor-section-height-default\" data-id=\"92db79b\" data-element_type=\"section\">\n\t\t\t\t\t\t<div class=\"elementor-container elementor-column-gap-default\">\n\t\t\t\t\t<div class=\"elementor-column elementor-col-100 elementor-top-column elementor-element elementor-element-979a7b4\" data-id=\"979a7b4\" data-element_type=\"column\">\n\t\t\t<div class=\"elementor-widget-wrap elementor-element-populated\">\n\t\t\t\t\t\t<section class=\"elementor-section elementor-inner-section elementor-element elementor-element-5b1f2ccb elementor-section-boxed elementor-section-height-default elementor-section-height-default\" data-id=\"5b1f2ccb\" data-element_type=\"section\">\n\t\t\t\t\t\t<div class=\"elementor-container elementor-column-gap-default\">\n\t\t\t\t\t<div class=\"elementor-column elementor-col-100 elementor-inner-column elementor-element elementor-element-762c2eb\" data-id=\"762c2eb\" data-element_type=\"column\">\n\t\t\t<div class=\"elementor-widget-wrap elementor-element-populated\">\n\t\t\t\t\t\t<div class=\"elementor-element elementor-element-3b9520e elementor-widget elementor-widget-text-editor\" data-id=\"3b9520e\" data-element_type=\"widget\" data-widget_type=\"text-editor.default\">\n\t\t\t\t<div class=\"elementor-widget-container\">\n\t\t\t\t\t\t\t<p>Jako skup oferujemy Pa\u0144stwu mo\u017cliwo\u015b\u0107 odbioru odpad\u00f3w metalowych w du\u017cych ilo\u015bciach na warunkach sta\u0142ej wsp\u00f3\u0142pracy. Z\u0142om stalowy odbieramy transportem w\u0142asnym, zapewniaj\u0105c mo\u017cliwo\u015b\u0107 gromadzenia odpad\u00f3w w kontenerach. Transport w\u0142asny systemem kontenerowym pozwala na odbi\u00f3r z\u0142omu niezale\u017cnie od wielko\u015bci oraz \u0142\u0105cznej ilo\u015bci odpad\u00f3w.<\/p>\t\t\t\t\t\t<\/div>\n\t\t\t\t<\/div>\n\t\t\t\t<div class=\"elementor-element elementor-element-3c1e16cb elementor-widget elementor-widget-heading\" data-id=\"3c1e16cb\" data-element_type=\"widget\" data-widget_type=\"heading.default\">\n\t\t\t\t<div class=\"elementor-widget-container\">\n\t\t\t<h2 class=\"elementor-heading-title elementor-size-default\">Zosta\u0144 naszym klientem<\/h2>\t\t<\/div>\n\t\t\t\t<\/div>\n\t\t\t\t<div class=\"elementor-element elementor-element-c03f4b7 elementor-align-center elementor-invisible elementor-widget elementor-widget-button\" data-id=\"c03f4b7\" data-element_type=\"widget\" data-settings=\"{&quot;_animation&quot;:&quot;fadeInUp&quot;,&quot;_animation_delay&quot;:230}\" data-widget_type=\"button.default\">\n\t\t\t\t<div class=\"elementor-widget-container\">\n\t\t\t\t\t\t\t<div class=\"elementor-button-wrapper\">\n\t\t\t\t\t<a class=\"elementor-button elementor-button-link elementor-size-xl\" href=\"https:\/\/eldeka.pl\/index.php\/kontakt\/\">\n\t\t\t\t\t\t<span class=\"elementor-button-content-wrapper\">\n\t\t\t\t\t\t\t\t\t<span class=\"elementor-button-text\">Kontakt<\/span>\n\t\t\t\t\t<\/span>\n\t\t\t\t\t<\/a>\n\t\t\t\t<\/div>\n\t\t\t\t\t\t<\/div>\n\t\t\t\t<\/div>\n\t\t\t\t\t<\/div>\n\t\t<\/div>\n\t\t\t\t\t<\/div>\n\t\t<\/section>\n\t\t\t\t\t<\/div>\n\t\t<\/div>\n\t\t\t\t\t<\/div>\n\t\t<\/section>\n\t\t\t\t<\/div>\n\t\t","protected":false},"excerpt":{"rendered":"<p>OFERTA OFERTA Nasz skup z\u0142omu stalowego, \u017celiwnego i metali kolorowych specjalizuje si\u0119 mi\u0119dzy innymi skupie: &#8211; z\u0142omu miedzi&#8211; z\u0142omu wi\u0105zek samochodowych&#8211; z\u0142omu kabli&#8211; z\u0142omu br\u0105zu&#8211; z\u0142omu mosi\u0105dzu&#8211; z\u0142omu wi\u00f3r\u00f3w br\u0105zu i mosi\u0105dzu&#8211; z\u0142omu ch\u0142odnic&#8211; z\u0142omu aluminium,&#8211; z\u0142omu stop\u00f3w odlewniczych aluminium&#8211; z\u0142omu stop\u00f3w aluminium przerabianych plastycznie&#8211; zu\u017cytych aluminiowych puszek po napojach&#8211; z\u0142omu aluminiowych p\u0142yt offsetowych&#8211; z\u0142omu [&hellip;]<\/p>\n","protected":false},"author":1,"featured_media":0,"parent":0,"menu_order":0,"comment_status":"closed","ping_status":"closed","template":"","meta":{"footnotes":""},"class_list":["post-92","page","type-page","status-publish","hentry"],"_links":{"self":[{"href":"https:\/\/eldeka.pl\/index.php\/wp-json\/wp\/v2\/pages\/92","targetHints":{"allow":["GET"]}}],"collection":[{"href":"https:\/\/eldeka.pl\/index.php\/wp-json\/wp\/v2\/pages"}],"about":[{"href":"https:\/\/eldeka.pl\/index.php\/wp-json\/wp\/v2\/types\/page"}],"author":[{"embeddable":true,"href":"https:\/\/eldeka.pl\/index.php\/wp-json\/wp\/v2\/users\/1"}],"replies":[{"embeddable":true,"href":"https:\/\/eldeka.pl\/index.php\/wp-json\/wp\/v2\/comments?post=92"}],"version-history":[{"count":10,"href":"https:\/\/eldeka.pl\/index.php\/wp-json\/wp\/v2\/pages\/92\/revisions"}],"predecessor-version":[{"id":274,"href":"https:\/\/eldeka.pl\/index.php\/wp-json\/wp\/v2\/pages\/92\/revisions\/274"}],"wp:attachment":[{"href":"https:\/\/eldeka.pl\/index.php\/wp-json\/wp\/v2\/media?parent=92"}],"curies":[{"name":"wp","href":"https:\/\/api.w.org\/{rel}","templated":true}]}}