{"id":94,"date":"2022-04-19T10:14:20","date_gmt":"2022-04-19T08:14:20","guid":{"rendered":"https:\/\/eldeka.pl\/?page_id=94"},"modified":"2022-04-20T13:18:33","modified_gmt":"2022-04-20T11:18:33","slug":"do-pobrania","status":"publish","type":"page","link":"https:\/\/eldeka.pl\/index.php\/do-pobrania\/","title":{"rendered":"Do Pobrania"},"content":{"rendered":"\t\t<div data-elementor-type=\"wp-page\" data-elementor-id=\"94\" class=\"elementor elementor-94\">\n\t\t\t\t\t\t<section class=\"elementor-section elementor-top-section elementor-element elementor-element-39f37f3f elementor-section-boxed elementor-section-height-default elementor-section-height-default\" data-id=\"39f37f3f\" data-element_type=\"section\" data-settings=\"{&quot;background_background&quot;:&quot;classic&quot;}\">\n\t\t\t\t\t\t<div class=\"elementor-container elementor-column-gap-default\">\n\t\t\t\t\t<div class=\"elementor-column elementor-col-100 elementor-top-column elementor-element elementor-element-d3a281c\" data-id=\"d3a281c\" data-element_type=\"column\">\n\t\t\t<div class=\"elementor-widget-wrap elementor-element-populated\">\n\t\t\t\t\t\t<section class=\"elementor-section elementor-inner-section elementor-element elementor-element-d62c405 elementor-section-boxed elementor-section-height-default elementor-section-height-default\" data-id=\"d62c405\" data-element_type=\"section\">\n\t\t\t\t\t\t<div class=\"elementor-container elementor-column-gap-default\">\n\t\t\t\t\t<div class=\"elementor-column elementor-col-25 elementor-inner-column elementor-element elementor-element-6cd060d\" data-id=\"6cd060d\" data-element_type=\"column\">\n\t\t\t<div class=\"elementor-widget-wrap\">\n\t\t\t\t\t\t\t<\/div>\n\t\t<\/div>\n\t\t\t\t<div class=\"elementor-column elementor-col-25 elementor-inner-column elementor-element elementor-element-c14efef\" data-id=\"c14efef\" data-element_type=\"column\">\n\t\t\t<div class=\"elementor-widget-wrap\">\n\t\t\t\t\t\t\t<\/div>\n\t\t<\/div>\n\t\t\t\t<div class=\"elementor-column elementor-col-25 elementor-inner-column elementor-element elementor-element-21a5c11\" data-id=\"21a5c11\" data-element_type=\"column\">\n\t\t\t<div class=\"elementor-widget-wrap\">\n\t\t\t\t\t\t\t<\/div>\n\t\t<\/div>\n\t\t\t\t<div class=\"elementor-column elementor-col-25 elementor-inner-column elementor-element elementor-element-0b4799d\" data-id=\"0b4799d\" data-element_type=\"column\">\n\t\t\t<div class=\"elementor-widget-wrap\">\n\t\t\t\t\t\t\t<\/div>\n\t\t<\/div>\n\t\t\t\t\t<\/div>\n\t\t<\/section>\n\t\t\t\t<div class=\"elementor-element elementor-element-31658e3 elementor-widget elementor-widget-heading\" data-id=\"31658e3\" data-element_type=\"widget\" data-widget_type=\"heading.default\">\n\t\t\t\t<div class=\"elementor-widget-container\">\n\t\t\t<span class=\"elementor-heading-title elementor-size-default\"><\/br>Do pobrania<\/br>\n\n<\/br>\n<\/span>\t\t<\/div>\n\t\t\t\t<\/div>\n\t\t\t\t\t<\/div>\n\t\t<\/div>\n\t\t\t\t\t<\/div>\n\t\t<\/section>\n\t\t\t\t<section class=\"elementor-section elementor-top-section elementor-element elementor-element-4b251ed8 elementor-section-boxed elementor-section-height-default elementor-section-height-default\" data-id=\"4b251ed8\" data-element_type=\"section\">\n\t\t\t\t\t\t<div class=\"elementor-container elementor-column-gap-default\">\n\t\t\t\t\t<div class=\"elementor-column elementor-col-100 elementor-top-column elementor-element elementor-element-1fd361f6\" data-id=\"1fd361f6\" data-element_type=\"column\">\n\t\t\t<div class=\"elementor-widget-wrap elementor-element-populated\">\n\t\t\t\t\t\t<div class=\"elementor-element elementor-element-1d3634ec elementor-widget elementor-widget-image\" data-id=\"1d3634ec\" data-element_type=\"widget\" data-widget_type=\"image.default\">\n\t\t\t\t<div class=\"elementor-widget-container\">\n\t\t\t\t\t\t\t\t\t\t\t\t\t<img fetchpriority=\"high\" decoding=\"async\" width=\"1170\" height=\"348\" src=\"https:\/\/eldeka.pl\/wp-content\/uploads\/2022\/04\/team.jpg\" class=\"attachment-full size-full wp-image-210\" alt=\"\" srcset=\"https:\/\/eldeka.pl\/wp-content\/uploads\/2022\/04\/team.jpg 1170w, https:\/\/eldeka.pl\/wp-content\/uploads\/2022\/04\/team-300x89.jpg 300w, https:\/\/eldeka.pl\/wp-content\/uploads\/2022\/04\/team-1024x305.jpg 1024w, https:\/\/eldeka.pl\/wp-content\/uploads\/2022\/04\/team-768x228.jpg 768w\" sizes=\"(max-width: 1170px) 100vw, 1170px\" \/>\t\t\t\t\t\t\t\t\t\t\t\t\t<\/div>\n\t\t\t\t<\/div>\n\t\t\t\t<div class=\"elementor-element elementor-element-6d1ee00 elementor-arrows-position-outside elementor-pagination-position-outside elementor-widget elementor-widget-image-carousel\" data-id=\"6d1ee00\" data-element_type=\"widget\" data-settings=\"{&quot;navigation&quot;:&quot;both&quot;,&quot;autoplay&quot;:&quot;yes&quot;,&quot;pause_on_hover&quot;:&quot;yes&quot;,&quot;pause_on_interaction&quot;:&quot;yes&quot;,&quot;autoplay_speed&quot;:5000,&quot;infinite&quot;:&quot;yes&quot;,&quot;speed&quot;:500,&quot;image_spacing_custom&quot;:{&quot;unit&quot;:&quot;px&quot;,&quot;size&quot;:20,&quot;sizes&quot;:[]},&quot;image_spacing_custom_tablet&quot;:{&quot;unit&quot;:&quot;px&quot;,&quot;size&quot;:&quot;&quot;,&quot;sizes&quot;:[]},&quot;image_spacing_custom_mobile&quot;:{&quot;unit&quot;:&quot;px&quot;,&quot;size&quot;:&quot;&quot;,&quot;sizes&quot;:[]}}\" data-widget_type=\"image-carousel.default\">\n\t\t\t\t<div class=\"elementor-widget-container\">\n\t\t\t\t\t<div class=\"elementor-image-carousel-wrapper swiper\" dir=\"ltr\">\n\t\t\t<div class=\"elementor-image-carousel swiper-wrapper swiper-image-stretch\" aria-live=\"off\">\n\t\t\t\t\t\t\t\t<div class=\"swiper-slide\" role=\"group\" aria-roledescription=\"slide\" aria-label=\"1 z 6\"><a data-elementor-open-lightbox=\"yes\" data-elementor-lightbox-slideshow=\"6d1ee00\" data-elementor-lightbox-title=\"BDO1\" data-e-action-hash=\"#elementor-action%3Aaction%3Dlightbox%26settings%3DeyJpZCI6MjMwLCJ1cmwiOiJodHRwczpcL1wvZWxkZWthLnBsXC93cC1jb250ZW50XC91cGxvYWRzXC8yMDIyXC8wNFwvQkRPMS1zY2FsZWQuanBnIiwic2xpZGVzaG93IjoiNmQxZWUwMCJ9\" href=\"https:\/\/eldeka.pl\/wp-content\/uploads\/2022\/04\/BDO1-scaled.jpg\"><figure class=\"swiper-slide-inner\"><img decoding=\"async\" class=\"swiper-slide-image\" src=\"https:\/\/eldeka.pl\/wp-content\/uploads\/2022\/04\/BDO1-724x1024.jpg\" alt=\"BDO1\" \/><\/figure><\/a><\/div><div class=\"swiper-slide\" role=\"group\" aria-roledescription=\"slide\" aria-label=\"2 z 6\"><a data-elementor-open-lightbox=\"yes\" data-elementor-lightbox-slideshow=\"6d1ee00\" data-elementor-lightbox-title=\"CEIDG1\" data-e-action-hash=\"#elementor-action%3Aaction%3Dlightbox%26settings%3DeyJpZCI6MjMxLCJ1cmwiOiJodHRwczpcL1wvZWxkZWthLnBsXC93cC1jb250ZW50XC91cGxvYWRzXC8yMDIyXC8wNFwvQ0VJREcxLXNjYWxlZC5qcGciLCJzbGlkZXNob3ciOiI2ZDFlZTAwIn0%3D\" href=\"https:\/\/eldeka.pl\/wp-content\/uploads\/2022\/04\/CEIDG1-scaled.jpg\"><figure class=\"swiper-slide-inner\"><img decoding=\"async\" class=\"swiper-slide-image\" src=\"https:\/\/eldeka.pl\/wp-content\/uploads\/2022\/04\/CEIDG1-724x1024.jpg\" alt=\"CEIDG1\" \/><\/figure><\/a><\/div><div class=\"swiper-slide\" role=\"group\" aria-roledescription=\"slide\" aria-label=\"3 z 6\"><a data-elementor-open-lightbox=\"yes\" data-elementor-lightbox-slideshow=\"6d1ee00\" data-elementor-lightbox-title=\"NIP1\" data-e-action-hash=\"#elementor-action%3Aaction%3Dlightbox%26settings%3DeyJpZCI6MjM1LCJ1cmwiOiJodHRwczpcL1wvZWxkZWthLnBsXC93cC1jb250ZW50XC91cGxvYWRzXC8yMDIyXC8wNFwvTklQMS1zY2FsZWQuanBnIiwic2xpZGVzaG93IjoiNmQxZWUwMCJ9\" href=\"https:\/\/eldeka.pl\/wp-content\/uploads\/2022\/04\/NIP1-scaled.jpg\"><figure class=\"swiper-slide-inner\"><img decoding=\"async\" class=\"swiper-slide-image\" src=\"https:\/\/eldeka.pl\/wp-content\/uploads\/2022\/04\/NIP1-724x1024.jpg\" alt=\"NIP1\" \/><\/figure><\/a><\/div><div class=\"swiper-slide\" role=\"group\" aria-roledescription=\"slide\" aria-label=\"4 z 6\"><a data-elementor-open-lightbox=\"yes\" data-elementor-lightbox-slideshow=\"6d1ee00\" data-elementor-lightbox-title=\"REGON1\" data-e-action-hash=\"#elementor-action%3Aaction%3Dlightbox%26settings%3DeyJpZCI6MjM2LCJ1cmwiOiJodHRwczpcL1wvZWxkZWthLnBsXC93cC1jb250ZW50XC91cGxvYWRzXC8yMDIyXC8wNFwvUkVHT04xLXNjYWxlZC5qcGciLCJzbGlkZXNob3ciOiI2ZDFlZTAwIn0%3D\" href=\"https:\/\/eldeka.pl\/wp-content\/uploads\/2022\/04\/REGON1-scaled.jpg\"><figure class=\"swiper-slide-inner\"><img decoding=\"async\" class=\"swiper-slide-image\" src=\"https:\/\/eldeka.pl\/wp-content\/uploads\/2022\/04\/REGON1-724x1024.jpg\" alt=\"REGON1\" \/><\/figure><\/a><\/div><div class=\"swiper-slide\" role=\"group\" aria-roledescription=\"slide\" aria-label=\"5 z 6\"><a data-elementor-open-lightbox=\"yes\" data-elementor-lightbox-slideshow=\"6d1ee00\" data-elementor-lightbox-title=\"Decyzja1\" data-e-action-hash=\"#elementor-action%3Aaction%3Dlightbox%26settings%3DeyJpZCI6MjMzLCJ1cmwiOiJodHRwczpcL1wvZWxkZWthLnBsXC93cC1jb250ZW50XC91cGxvYWRzXC8yMDIyXC8wNFwvRGVjeXpqYTEtMS1zY2FsZWQuanBnIiwic2xpZGVzaG93IjoiNmQxZWUwMCJ9\" href=\"https:\/\/eldeka.pl\/wp-content\/uploads\/2022\/04\/Decyzja1-1-scaled.jpg\"><figure class=\"swiper-slide-inner\"><img decoding=\"async\" class=\"swiper-slide-image\" src=\"https:\/\/eldeka.pl\/wp-content\/uploads\/2022\/04\/Decyzja1-1-724x1024.jpg\" alt=\"Decyzja1\" \/><\/figure><\/a><\/div><div class=\"swiper-slide\" role=\"group\" aria-roledescription=\"slide\" aria-label=\"6 z 6\"><a data-elementor-open-lightbox=\"yes\" data-elementor-lightbox-slideshow=\"6d1ee00\" data-elementor-lightbox-title=\"DecyzjaOstateczna1\" data-e-action-hash=\"#elementor-action%3Aaction%3Dlightbox%26settings%3DeyJpZCI6MjM0LCJ1cmwiOiJodHRwczpcL1wvZWxkZWthLnBsXC93cC1jb250ZW50XC91cGxvYWRzXC8yMDIyXC8wNFwvRGVjeXpqYU9zdGF0ZWN6bmExLXNjYWxlZC5qcGciLCJzbGlkZXNob3ciOiI2ZDFlZTAwIn0%3D\" href=\"https:\/\/eldeka.pl\/wp-content\/uploads\/2022\/04\/DecyzjaOstateczna1-scaled.jpg\"><figure class=\"swiper-slide-inner\"><img decoding=\"async\" class=\"swiper-slide-image\" src=\"https:\/\/eldeka.pl\/wp-content\/uploads\/2022\/04\/DecyzjaOstateczna1-724x1024.jpg\" alt=\"DecyzjaOstateczna1\" \/><\/figure><\/a><\/div>\t\t\t<\/div>\n\t\t\t\t\t\t\t\t\t\t\t\t<div class=\"elementor-swiper-button elementor-swiper-button-prev\" role=\"button\" tabindex=\"0\">\n\t\t\t\t\t\t<i aria-hidden=\"true\" class=\"eicon-chevron-left\"><\/i>\t\t\t\t\t<\/div>\n\t\t\t\t\t<div class=\"elementor-swiper-button elementor-swiper-button-next\" role=\"button\" tabindex=\"0\">\n\t\t\t\t\t\t<i aria-hidden=\"true\" class=\"eicon-chevron-right\"><\/i>\t\t\t\t\t<\/div>\n\t\t\t\t\n\t\t\t\t\t\t\t\t\t<div class=\"swiper-pagination\"><\/div>\n\t\t\t\t\t\t\t\t\t<\/div>\n\t\t\t\t<\/div>\n\t\t\t\t<\/div>\n\t\t\t\t<div class=\"elementor-element elementor-element-2992d52b elementor-widget__width-initial elementor-absolute elementor-widget-mobile__width-auto elementor-widget-tablet__width-initial elementor-widget elementor-widget-heading\" data-id=\"2992d52b\" data-element_type=\"widget\" data-settings=\"{&quot;_position&quot;:&quot;absolute&quot;}\" data-widget_type=\"heading.default\">\n\t\t\t\t<div class=\"elementor-widget-container\">\n\t\t\t<span class=\"elementor-heading-title elementor-size-default\">Poni\u017cej aktualne dokumenty do wgl\u0105du lub do pobrania.<\/span>\t\t<\/div>\n\t\t\t\t<\/div>\n\t\t\t\t<section class=\"elementor-section elementor-inner-section elementor-element elementor-element-2a8f3b8 elementor-section-boxed elementor-section-height-default elementor-section-height-default\" data-id=\"2a8f3b8\" data-element_type=\"section\">\n\t\t\t\t\t\t<div class=\"elementor-container elementor-column-gap-default\">\n\t\t\t\t\t<div class=\"elementor-column elementor-col-100 elementor-inner-column elementor-element elementor-element-52e5700\" data-id=\"52e5700\" data-element_type=\"column\">\n\t\t\t<div class=\"elementor-widget-wrap\">\n\t\t\t\t\t\t\t<\/div>\n\t\t<\/div>\n\t\t\t\t\t<\/div>\n\t\t<\/section>\n\t\t\t\t\t<\/div>\n\t\t<\/div>\n\t\t\t\t\t<\/div>\n\t\t<\/section>\n\t\t\t\t<section class=\"elementor-section elementor-top-section elementor-element elementor-element-3a92602e elementor-section-boxed elementor-section-height-default elementor-section-height-default\" data-id=\"3a92602e\" data-element_type=\"section\" data-settings=\"{&quot;background_background&quot;:&quot;classic&quot;}\">\n\t\t\t\t\t\t<div class=\"elementor-container elementor-column-gap-default\">\n\t\t\t\t\t<div class=\"elementor-column elementor-col-100 elementor-top-column elementor-element elementor-element-656b2265\" data-id=\"656b2265\" data-element_type=\"column\">\n\t\t\t<div class=\"elementor-widget-wrap elementor-element-populated\">\n\t\t\t\t\t\t<div class=\"elementor-element elementor-element-2b3a721 elementor-widget elementor-widget-heading\" data-id=\"2b3a721\" data-element_type=\"widget\" data-widget_type=\"heading.default\">\n\t\t\t\t<div class=\"elementor-widget-container\">\n\t\t\t<span class=\"elementor-heading-title elementor-size-default\">NIE WAHAJ SI\u0118 Z NAMI SKONTAKTOWA\u0106<\/span>\t\t<\/div>\n\t\t\t\t<\/div>\n\t\t\t\t<div class=\"elementor-element elementor-element-749299c3 elementor-widget elementor-widget-heading\" data-id=\"749299c3\" data-element_type=\"widget\" data-widget_type=\"heading.default\">\n\t\t\t\t<div class=\"elementor-widget-container\">\n\t\t\t<h2 class=\"elementor-heading-title elementor-size-default\">Twoje pomys\u0142y \u2013 wsp\u00f3lna realizacja<\/h2>\t\t<\/div>\n\t\t\t\t<\/div>\n\t\t\t\t<div class=\"elementor-element elementor-element-77da8b04 elementor-align-center elementor-widget elementor-widget-button\" data-id=\"77da8b04\" data-element_type=\"widget\" data-widget_type=\"button.default\">\n\t\t\t\t<div class=\"elementor-widget-container\">\n\t\t\t\t\t\t\t<div class=\"elementor-button-wrapper\">\n\t\t\t\t\t<a class=\"elementor-button elementor-button-link elementor-size-sm\" href=\"https:\/\/eldeka.pl\/index.php\/kontakt\/\">\n\t\t\t\t\t\t<span class=\"elementor-button-content-wrapper\">\n\t\t\t\t\t\t\t\t\t<span class=\"elementor-button-text\">KONTAKT<\/span>\n\t\t\t\t\t<\/span>\n\t\t\t\t\t<\/a>\n\t\t\t\t<\/div>\n\t\t\t\t\t\t<\/div>\n\t\t\t\t<\/div>\n\t\t\t\t\t<\/div>\n\t\t<\/div>\n\t\t\t\t\t<\/div>\n\t\t<\/section>\n\t\t\t\t<\/div>\n\t\t","protected":false},"excerpt":{"rendered":"<p>Do pobrania Poprzednie Nast\u0119pne Poni\u017cej aktualne dokumenty do wgl\u0105du lub do pobrania. NIE WAHAJ SI\u0118 Z NAMI SKONTAKTOWA\u0106 Twoje pomys\u0142y \u2013 wsp\u00f3lna realizacja KONTAKT<\/p>\n","protected":false},"author":1,"featured_media":0,"parent":0,"menu_order":0,"comment_status":"closed","ping_status":"closed","template":"","meta":{"footnotes":""},"class_list":["post-94","page","type-page","status-publish","hentry"],"_links":{"self":[{"href":"https:\/\/eldeka.pl\/index.php\/wp-json\/wp\/v2\/pages\/94","targetHints":{"allow":["GET"]}}],"collection":[{"href":"https:\/\/eldeka.pl\/index.php\/wp-json\/wp\/v2\/pages"}],"about":[{"href":"https:\/\/eldeka.pl\/index.php\/wp-json\/wp\/v2\/types\/page"}],"author":[{"embeddable":true,"href":"https:\/\/eldeka.pl\/index.php\/wp-json\/wp\/v2\/users\/1"}],"replies":[{"embeddable":true,"href":"https:\/\/eldeka.pl\/index.php\/wp-json\/wp\/v2\/comments?post=94"}],"version-history":[{"count":10,"href":"https:\/\/eldeka.pl\/index.php\/wp-json\/wp\/v2\/pages\/94\/revisions"}],"predecessor-version":[{"id":245,"href":"https:\/\/eldeka.pl\/index.php\/wp-json\/wp\/v2\/pages\/94\/revisions\/245"}],"wp:attachment":[{"href":"https:\/\/eldeka.pl\/index.php\/wp-json\/wp\/v2\/media?parent=94"}],"curies":[{"name":"wp","href":"https:\/\/api.w.org\/{rel}","templated":true}]}}